{"id":2884,"date":"2025-07-12T22:00:36","date_gmt":"2025-07-12T20:00:36","guid":{"rendered":"https:\/\/laventure.hu\/?page_id=2884"},"modified":"2025-11-17T18:53:19","modified_gmt":"2025-11-17T17:53:19","slug":"rolunk","status":"publish","type":"page","link":"https:\/\/laventure.hu\/eng\/rolunk\/","title":{"rendered":"About us"},"content":{"rendered":"<div data-elementor-type=\"wp-page\" data-elementor-id=\"2884\" class=\"elementor elementor-2884\">\n\t\t\t\t<div class=\"elementor-element elementor-element-43b03d59 e-flex e-con-boxed e-con e-parent\" data-id=\"43b03d59\" data-element_type=\"container\" data-settings=\"{&quot;background_background&quot;:&quot;classic&quot;}\">\n\t\t\t\t\t<div class=\"e-con-inner\">\n\t\t\t\t<div class=\"elementor-element elementor-element-4fb601a elementor-widget elementor-widget-spacer\" data-id=\"4fb601a\" data-element_type=\"widget\" data-widget_type=\"spacer.default\">\n\t\t\t\t<div class=\"elementor-widget-container\">\n\t\t\t\t\t\t\t<div class=\"elementor-spacer\">\n\t\t\t<div class=\"elementor-spacer-inner\"><\/div>\n\t\t<\/div>\n\t\t\t\t\t\t<\/div>\n\t\t\t\t<\/div>\n\t\t<div class=\"elementor-element elementor-element-138294b e-con-full e-flex e-con e-child\" data-id=\"138294b\" data-element_type=\"container\">\n\t\t<div class=\"elementor-element elementor-element-4413903 e-flex e-con-boxed e-con e-child\" data-id=\"4413903\" data-element_type=\"container\">\n\t\t\t\t\t<div class=\"e-con-inner\">\n\t\t\t\t<div class=\"elementor-element elementor-element-f5fdcab elementor-widget elementor-widget-text-editor\" data-id=\"f5fdcab\" data-element_type=\"widget\" data-widget_type=\"text-editor.default\">\n\t\t\t\t<div class=\"elementor-widget-container\">\n\t\t\t\t\t\t\t\t\t<p class=\"has-medium-font-size\" style=\"text-align: left;\"><span style=\"color: #ffffff;\">Welcome to L\u2019aventure Photographie \u2013 where every image tells your story.<\/span><\/p>\n<p><span style=\"color: #ffffff;\"><!-- \/wp:paragraph --><!-- wp:paragraph --><\/span><\/p>\n<p><span style=\"color: #ffffff;\">We are a heart-driven, family photography studio based in Budapest, dedicated to capturing real moments, genuine emotions, and the beauty of human connection.<\/span><\/p>\n<p><span style=\"color: #ffffff;\"><!-- \/wp:paragraph --><!-- wp:paragraph --><\/span><\/p>\n<p><span style=\"color: #ffffff;\">At L\u2019aventure, photography is more than just a job for us \u2013 it is a shared passion, a way of life, and above all, a way to preserve what truly matters: love, laughter, and life\u2019s unforgettable moments. Whether it\u2019s a giggling child, a quiet glance between parents, or a carefree family adventure, we are there to freeze those fleeting seconds you will treasure forever.<\/span><\/p>\n<p><span style=\"color: #ffffff;\"><!-- \/wp:paragraph --><!-- wp:paragraph --><\/span><\/p>\n<p><span style=\"color: #ffffff;\">Maternity photography holds a special place in our hearts. We love celebrating the strength, softness, and radiant beauty of motherhood. Whether you envision a natural, intimate session or something artistic and striking, we are here to create an experience that feels personal and truly memorable.<\/span><\/p>\n<p><span style=\"color: #ffffff;\"><!-- \/wp:paragraph --><!-- wp:paragraph --><\/span><\/p>\n<p data-start=\"1216\" data-end=\"1457\"><span style=\"color: #ffffff;\">Every photoshoot with us feels more like a relaxed walk with friends than a formal session. We take the time to get to know you, so your photos don\u2019t just show how you look \u2013 they reflect how the moment felt.<\/span><\/p>\n<p data-start=\"1459\" data-end=\"1554\"><span style=\"color: #ffffff;\">Let us turn your story into timeless memories, filled with soul, joy, and a sense of adventure.<\/span><\/p>\n<p data-start=\"1556\" data-end=\"1593\" data-is-last-node=\"\" data-is-only-node=\"\"><span style=\"color: #ffffff;\">With love,<\/span><br data-start=\"1571\" data-end=\"1574\" \/><span style=\"color: #ffffff;\">The L\u2019aventure Family<\/span><\/p>\n<p>\u00a0<\/p>\t\t\t\t\t\t\t\t<\/div>\n\t\t\t\t<\/div>\n\t\t\t\t\t<\/div>\n\t\t\t\t<\/div>\n\t\t\t\t<\/div>\n\t\t\t\t<div class=\"elementor-element elementor-element-f63a2be elementor-widget elementor-widget-spacer\" data-id=\"f63a2be\" data-element_type=\"widget\" data-widget_type=\"spacer.default\">\n\t\t\t\t<div class=\"elementor-widget-container\">\n\t\t\t\t\t\t\t<div class=\"elementor-spacer\">\n\t\t\t<div class=\"elementor-spacer-inner\"><\/div>\n\t\t<\/div>\n\t\t\t\t\t\t<\/div>\n\t\t\t\t<\/div>\n\t\t\t\t\t<\/div>\n\t\t\t\t<\/div>\n\t\t\t\t<\/div>","protected":false},"excerpt":{"rendered":"<p>\u00dcdv\u00f6zl\u00fcnk a L\u2019aventure Photographie vil\u00e1g\u00e1ban \u2013 ahol minden k\u00e9p a te t\u00f6rt\u00e9netedet mes\u00e9li el. Egy kis, sz\u00edvb\u0151l m\u0171k\u00f6d\u0151 csal\u00e1di fot\u00f3s v\u00e1llalkoz\u00e1s vagyunk Budapesten, akik a&hellip; <\/p>","protected":false},"author":1,"featured_media":0,"parent":0,"menu_order":0,"comment_status":"closed","ping_status":"closed","template":"elementor_header_footer","meta":{"footnotes":""},"class_list":["post-2884","page","type-page","status-publish","hentry"],"yoast_head":"<!-- This site is optimized with the Yoast SEO plugin v25.4 - https:\/\/yoast.com\/wordpress\/plugins\/seo\/ -->\n<title>R\u00f3lunk - L&#039;aventure photographie<\/title>\n<meta name=\"robots\" content=\"index, follow, max-snippet:-1, max-image-preview:large, max-video-preview:-1\" \/>\n<link rel=\"canonical\" href=\"https:\/\/laventure.hu\/eng\/rolunk\/\" \/>\n<meta property=\"og:locale\" content=\"en_US\" \/>\n<meta property=\"og:type\" content=\"article\" \/>\n<meta property=\"og:title\" content=\"R\u00f3lunk - L&#039;aventure photographie\" \/>\n<meta property=\"og:description\" content=\"\u00dcdv\u00f6zl\u00fcnk a L\u2019aventure Photographie vil\u00e1g\u00e1ban \u2013 ahol minden k\u00e9p a te t\u00f6rt\u00e9netedet mes\u00e9li el. Egy kis, sz\u00edvb\u0151l m\u0171k\u00f6d\u0151 csal\u00e1di fot\u00f3s v\u00e1llalkoz\u00e1s vagyunk Budapesten, akik a&hellip;\" \/>\n<meta property=\"og:url\" content=\"https:\/\/laventure.hu\/eng\/rolunk\/\" \/>\n<meta property=\"og:site_name\" content=\"L&#039;aventure photographie\" \/>\n<meta property=\"article:modified_time\" content=\"2025-11-17T17:53:19+00:00\" \/>\n<meta name=\"twitter:card\" content=\"summary_large_image\" \/>\n<meta name=\"twitter:label1\" content=\"Est. reading time\" \/>\n\t<meta name=\"twitter:data1\" content=\"2 minutes\" \/>\n<script type=\"application\/ld+json\" class=\"yoast-schema-graph\">{\"@context\":\"https:\/\/schema.org\",\"@graph\":[{\"@type\":\"WebPage\",\"@id\":\"https:\/\/laventure.hu\/rolunk\/\",\"url\":\"https:\/\/laventure.hu\/rolunk\/\",\"name\":\"R\u00f3lunk - L&#039;aventure photographie\",\"isPartOf\":{\"@id\":\"https:\/\/laventure.hu\/#website\"},\"datePublished\":\"2025-07-12T20:00:36+00:00\",\"dateModified\":\"2025-11-17T17:53:19+00:00\",\"breadcrumb\":{\"@id\":\"https:\/\/laventure.hu\/rolunk\/#breadcrumb\"},\"inLanguage\":\"en-US\",\"potentialAction\":[{\"@type\":\"ReadAction\",\"target\":[\"https:\/\/laventure.hu\/rolunk\/\"]}]},{\"@type\":\"BreadcrumbList\",\"@id\":\"https:\/\/laventure.hu\/rolunk\/#breadcrumb\",\"itemListElement\":[{\"@type\":\"ListItem\",\"position\":1,\"name\":\"Home\",\"item\":\"https:\/\/laventure.hu\/\"},{\"@type\":\"ListItem\",\"position\":2,\"name\":\"R\u00f3lunk\"}]},{\"@type\":\"WebSite\",\"@id\":\"https:\/\/laventure.hu\/#website\",\"url\":\"https:\/\/laventure.hu\/\",\"name\":\"L&#039;aventure photographie\",\"description\":\"\",\"publisher\":{\"@id\":\"https:\/\/laventure.hu\/#organization\"},\"potentialAction\":[{\"@type\":\"SearchAction\",\"target\":{\"@type\":\"EntryPoint\",\"urlTemplate\":\"https:\/\/laventure.hu\/?s={search_term_string}\"},\"query-input\":{\"@type\":\"PropertyValueSpecification\",\"valueRequired\":true,\"valueName\":\"search_term_string\"}}],\"inLanguage\":\"en-US\"},{\"@type\":\"Organization\",\"@id\":\"https:\/\/laventure.hu\/#organization\",\"name\":\"L&#039;aventure photographie\",\"url\":\"https:\/\/laventure.hu\/\",\"logo\":{\"@type\":\"ImageObject\",\"inLanguage\":\"en-US\",\"@id\":\"https:\/\/laventure.hu\/#\/schema\/logo\/image\/\",\"url\":\"https:\/\/laventure.hu\/wp-content\/uploads\/2026\/01\/cropped-LOGO_2026_FEHER_500x250.png\",\"contentUrl\":\"https:\/\/laventure.hu\/wp-content\/uploads\/2026\/01\/cropped-LOGO_2026_FEHER_500x250.png\",\"width\":500,\"height\":250,\"caption\":\"L&#039;aventure photographie\"},\"image\":{\"@id\":\"https:\/\/laventure.hu\/#\/schema\/logo\/image\/\"}}]}<\/script>\n<!-- \/ Yoast SEO plugin. -->","yoast_head_json":{"title":"R\u00f3lunk - L&#039;aventure photographie","robots":{"index":"index","follow":"follow","max-snippet":"max-snippet:-1","max-image-preview":"max-image-preview:large","max-video-preview":"max-video-preview:-1"},"canonical":"https:\/\/laventure.hu\/eng\/rolunk\/","og_locale":"en_US","og_type":"article","og_title":"R\u00f3lunk - L&#039;aventure photographie","og_description":"\u00dcdv\u00f6zl\u00fcnk a L\u2019aventure Photographie vil\u00e1g\u00e1ban \u2013 ahol minden k\u00e9p a te t\u00f6rt\u00e9netedet mes\u00e9li el. Egy kis, sz\u00edvb\u0151l m\u0171k\u00f6d\u0151 csal\u00e1di fot\u00f3s v\u00e1llalkoz\u00e1s vagyunk Budapesten, akik a&hellip;","og_url":"https:\/\/laventure.hu\/eng\/rolunk\/","og_site_name":"L&#039;aventure photographie","article_modified_time":"2025-11-17T17:53:19+00:00","twitter_card":"summary_large_image","twitter_misc":{"Est. reading time":"2 minutes"},"schema":{"@context":"https:\/\/schema.org","@graph":[{"@type":"WebPage","@id":"https:\/\/laventure.hu\/rolunk\/","url":"https:\/\/laventure.hu\/rolunk\/","name":"R\u00f3lunk - L&#039;aventure photographie","isPartOf":{"@id":"https:\/\/laventure.hu\/#website"},"datePublished":"2025-07-12T20:00:36+00:00","dateModified":"2025-11-17T17:53:19+00:00","breadcrumb":{"@id":"https:\/\/laventure.hu\/rolunk\/#breadcrumb"},"inLanguage":"en-US","potentialAction":[{"@type":"ReadAction","target":["https:\/\/laventure.hu\/rolunk\/"]}]},{"@type":"BreadcrumbList","@id":"https:\/\/laventure.hu\/rolunk\/#breadcrumb","itemListElement":[{"@type":"ListItem","position":1,"name":"Home","item":"https:\/\/laventure.hu\/"},{"@type":"ListItem","position":2,"name":"R\u00f3lunk"}]},{"@type":"WebSite","@id":"https:\/\/laventure.hu\/#website","url":"https:\/\/laventure.hu\/","name":"L&#039;aventure photographie","description":"","publisher":{"@id":"https:\/\/laventure.hu\/#organization"},"potentialAction":[{"@type":"SearchAction","target":{"@type":"EntryPoint","urlTemplate":"https:\/\/laventure.hu\/?s={search_term_string}"},"query-input":{"@type":"PropertyValueSpecification","valueRequired":true,"valueName":"search_term_string"}}],"inLanguage":"en-US"},{"@type":"Organization","@id":"https:\/\/laventure.hu\/#organization","name":"L&#039;aventure photographie","url":"https:\/\/laventure.hu\/","logo":{"@type":"ImageObject","inLanguage":"en-US","@id":"https:\/\/laventure.hu\/#\/schema\/logo\/image\/","url":"https:\/\/laventure.hu\/wp-content\/uploads\/2026\/01\/cropped-LOGO_2026_FEHER_500x250.png","contentUrl":"https:\/\/laventure.hu\/wp-content\/uploads\/2026\/01\/cropped-LOGO_2026_FEHER_500x250.png","width":500,"height":250,"caption":"L&#039;aventure photographie"},"image":{"@id":"https:\/\/laventure.hu\/#\/schema\/logo\/image\/"}}]}},"_links":{"self":[{"href":"https:\/\/laventure.hu\/eng\/wp-json\/wp\/v2\/pages\/2884","targetHints":{"allow":["GET"]}}],"collection":[{"href":"https:\/\/laventure.hu\/eng\/wp-json\/wp\/v2\/pages"}],"about":[{"href":"https:\/\/laventure.hu\/eng\/wp-json\/wp\/v2\/types\/page"}],"author":[{"embeddable":true,"href":"https:\/\/laventure.hu\/eng\/wp-json\/wp\/v2\/users\/1"}],"replies":[{"embeddable":true,"href":"https:\/\/laventure.hu\/eng\/wp-json\/wp\/v2\/comments?post=2884"}],"version-history":[{"count":37,"href":"https:\/\/laventure.hu\/eng\/wp-json\/wp\/v2\/pages\/2884\/revisions"}],"predecessor-version":[{"id":4028,"href":"https:\/\/laventure.hu\/eng\/wp-json\/wp\/v2\/pages\/2884\/revisions\/4028"}],"wp:attachment":[{"href":"https:\/\/laventure.hu\/eng\/wp-json\/wp\/v2\/media?parent=2884"}],"curies":[{"name":"wp","href":"https:\/\/api.w.org\/{rel}","templated":true}]}}